{"id":280,"date":"2019-07-29T16:39:00","date_gmt":"2019-07-29T19:39:00","guid":{"rendered":"http:\/\/cnu.org.br\/sites\/?page_id=280"},"modified":"2022-08-19T14:38:29","modified_gmt":"2022-08-19T17:38:29","slug":"tv-unesp","status":"publish","type":"page","link":"https:\/\/cnu.org.br\/sites\/tv-unesp\/","title":{"rendered":"TV UNESP"},"content":{"rendered":"<p>[et_pb_section fb_built=&#8221;1&#8243; fullwidth=&#8221;on&#8221; admin_label=&#8221;Hero&#8221; _builder_version=&#8221;4.4.6&#8243; background_image=&#8221;https:\/\/cnu.org.br\/sites\/wp-content\/uploads\/2022\/08\/UNESP_BG.jpg&#8221;][et_pb_fullwidth_header subhead=&#8221;Universidade Estadual Paulista &#8211; UNESP&#8221; logo_image_url=&#8221;https:\/\/cnu.org.br\/sites\/wp-content\/uploads\/2022\/08\/UNESP_PG_1.jpg&#8221; content_max_width=&#8221;700px&#8221; _builder_version=&#8221;4.4.6&#8243; title_font=&#8221;Playfair Display|700|||||||&#8221; title_font_size=&#8221;70px&#8221; title_line_height=&#8221;1.5em&#8221; content_font=&#8221;Nunito|600|||||||&#8221; content_font_size=&#8221;20px&#8221; subhead_font=&#8221;Lato|700|||||||&#8221; subhead_font_size=&#8221;30px&#8221; subhead_line_height=&#8221;1.8em&#8221; background_color=&#8221;rgba(0,0,0,0)&#8221; use_background_color_gradient=&#8221;on&#8221; background_color_gradient_start=&#8221;rgba(53,80,160,0.27)&#8221; background_color_gradient_end=&#8221;#3550a0&#8243; background_color_gradient_direction=&#8221;220deg&#8221; background_color_gradient_overlays_image=&#8221;on&#8221; custom_button_one=&#8221;on&#8221; button_one_text_size=&#8221;16px&#8221; button_one_text_color=&#8221;#3550a0&#8243; button_one_bg_color=&#8221;#ffffff&#8221; button_one_border_width=&#8221;10px&#8221; button_one_border_color=&#8221;rgba(210,159,104,0)&#8221; button_one_border_radius=&#8221;100px&#8221; button_one_font=&#8221;Lato|900|||||||&#8221; button_one_use_icon=&#8221;off&#8221; custom_button_two=&#8221;on&#8221; button_two_text_size=&#8221;16px&#8221; button_two_text_color=&#8221;#ffffff&#8221; button_two_bg_color=&#8221;rgba(255,255,255,0.15)&#8221; button_two_border_width=&#8221;10px&#8221; button_two_border_color=&#8221;rgba(210,159,104,0)&#8221; button_two_border_radius=&#8221;100px&#8221; button_two_font=&#8221;Lato|900|||||||&#8221; button_two_use_icon=&#8221;off&#8221; max_height=&#8221;534px&#8221; custom_margin=&#8221;|||&#8221; custom_padding=&#8221;10vw||0vw||false|&#8221; custom_padding_tablet=&#8221;20vw||20vw||true&#8221; custom_padding_phone=&#8221;20vw||20vw||true&#8221; custom_padding_last_edited=&#8221;on|desktop&#8221; title_font_size_tablet=&#8221;50px&#8221; title_font_size_phone=&#8221;32px&#8221; title_font_size_last_edited=&#8221;on|tablet&#8221; border_radii_image=&#8221;on|10px|10px|10px|10px&#8221; box_shadow_style_image=&#8221;preset1&#8243; button_one_text_color_hover=&#8221;#3550a0&#8243; button_two_text_color_hover=&#8221;#ffffff&#8221; button_one_bg_color_hover=&#8221;rgba(255,255,255,0.8)&#8221; button_two_bg_color_hover=&#8221;rgba(255,255,255,0.3)&#8221; button_one_text_size__hover_enabled=&#8221;off&#8221; button_two_text_size__hover_enabled=&#8221;off&#8221; button_one_text_color__hover_enabled=&#8221;on&#8221; button_one_text_color__hover=&#8221;#3550a0&#8243; button_two_text_color__hover_enabled=&#8221;on&#8221; button_two_text_color__hover=&#8221;#ffffff&#8221; button_one_border_width__hover_enabled=&#8221;off&#8221; button_two_border_width__hover_enabled=&#8221;off&#8221; button_one_border_color__hover_enabled=&#8221;off&#8221; button_two_border_color__hover_enabled=&#8221;off&#8221; button_one_border_radius__hover_enabled=&#8221;off&#8221; button_two_border_radius__hover_enabled=&#8221;off&#8221; button_one_letter_spacing__hover_enabled=&#8221;off&#8221; button_two_letter_spacing__hover_enabled=&#8221;off&#8221; button_one_bg_color__hover_enabled=&#8221;on&#8221; button_one_bg_color__hover=&#8221;rgba(255,255,255,0.8)&#8221; button_two_bg_color__hover_enabled=&#8221;on&#8221; button_two_bg_color__hover=&#8221;rgba(255,255,255,0.3)&#8221;][\/et_pb_fullwidth_header][\/et_pb_section][et_pb_section fb_built=&#8221;1&#8243; custom_padding_last_edited=&#8221;on|phone&#8221; admin_label=&#8221;FAQ&#8221; _builder_version=&#8221;3.22.3&#8243; min_height=&#8221;908px&#8221; custom_margin=&#8221;|||&#8221; custom_padding=&#8221;0px|20%|0px||false|false&#8221; custom_padding_tablet=&#8221;|0%||&#8221; custom_padding_phone=&#8221;&#8221;][et_pb_row column_structure=&#8221;1_2,1_2&#8243; use_custom_gutter=&#8221;on&#8221; padding_top_bottom_link_2=&#8221;true&#8221; padding_left_right_link_2=&#8221;false&#8221; _builder_version=&#8221;3.25&#8243; width=&#8221;100%&#8221; max_width=&#8221;100%&#8221; module_alignment=&#8221;left&#8221; custom_padding=&#8221;0|0px|0px|0px|false|false&#8221; use_custom_width=&#8221;on&#8221; width_unit=&#8221;off&#8221; custom_width_percent=&#8221;100%&#8221;][et_pb_column type=&#8221;1_2&#8243; _builder_version=&#8221;3.25&#8243; use_background_color_gradient=&#8221;on&#8221; background_color_gradient_start=&#8221;#f0f2f6&#8243; background_color_gradient_end=&#8221;rgba(240,242,246,0)&#8221; background_color_gradient_direction=&#8221;90deg&#8221; background_color_gradient_start_position=&#8221;30%&#8221; background_color_gradient_end_position=&#8221;30%&#8221; custom_padding=&#8221;|||&#8221; custom_padding__hover=&#8221;|||&#8221;][et_pb_video src=&#8221;https:\/\/cnu.org.br\/sites\/wp-content\/uploads\/2022\/08\/Institucional-TV-Unesp.mp4&#8243; thumbnail_overlay_color=&#8221;rgba(0,0,0,0.6)&#8221; _builder_version=&#8221;4.4.6&#8243; background_color_gradient_direction=&#8221;90deg&#8221; custom_margin=&#8221;60px||60px||true&#8221; custom_padding=&#8221;|||&#8221; box_shadow_style=&#8221;preset3&#8243; box_shadow_vertical=&#8221;80px&#8221; box_shadow_blur=&#8221;80px&#8221; box_shadow_spread=&#8221;-30px&#8221;][\/et_pb_video][\/et_pb_column][et_pb_column type=&#8221;1_2&#8243; _builder_version=&#8221;3.25&#8243; background_color_gradient_direction=&#8221;90deg&#8221; custom_padding=&#8221;6vw||6vw|&#8221; custom_padding_tablet=&#8221;0vw|10%|0vw|10%|true|true&#8221; custom_padding_phone=&#8221;||||false|false&#8221; custom_padding_last_edited=&#8221;on|tablet&#8221; custom_padding__hover=&#8221;|||&#8221;][et_pb_text _builder_version=&#8221;3.27.4&#8243; text_font=&#8221;||||||||&#8221; text_font_size=&#8221;16px&#8221; text_line_height=&#8221;1.9em&#8221; header_font=&#8221;||||||||&#8221; header_2_font=&#8221;Playfair Display|700|||||||&#8221; header_2_font_size=&#8221;40px&#8221; header_2_line_height=&#8221;1.5em&#8221; header_6_font=&#8221;||||||||&#8221; max_width=&#8221;600px&#8221; max_width_last_edited=&#8221;off|desktop&#8221; custom_margin=&#8221;|||&#8221; custom_padding=&#8221;|||&#8221; header_2_font_size_tablet=&#8221;30px&#8221; header_2_font_size_phone=&#8221;24px&#8221; header_2_font_size_last_edited=&#8221;on|phone&#8221; locked=&#8221;off&#8221;][\/et_pb_text][et_pb_accordion open_toggle_text_color=&#8221;#3550a0&#8243; open_toggle_background_color=&#8221;#f0f2f6&#8243; closed_toggle_text_color=&#8221;#3550a0&#8243; closed_toggle_background_color=&#8221;#f0f2f6&#8243; icon_color=&#8221;#3550a0&#8243; _builder_version=&#8221;4.4.6&#8243; toggle_font=&#8221;Nunito|800||on|||||&#8221; toggle_font_size=&#8221;14px&#8221; toggle_letter_spacing=&#8221;3px&#8221; toggle_line_height=&#8221;1.5em&#8221; body_font=&#8221;||||||||&#8221; body_font_size=&#8221;16px&#8221; body_line_height=&#8221;1.9em&#8221; custom_margin=&#8221;|||&#8221; custom_padding=&#8221;|||&#8221; border_width_all=&#8221;0px&#8221; locked=&#8221;off&#8221;][et_pb_accordion_item title=&#8221;Sobre&#8221; open=&#8221;on&#8221; _builder_version=&#8221;4.4.6&#8243; custom_margin=&#8221;10px||10px||true&#8221; custom_padding=&#8221;30px||30px||true&#8221;]A Universidade Estadual Paulista (Unesp) \u00e9 uma universidade p\u00fablica de ensino, pesquisa e extens\u00e3o universit\u00e1ria com 46 anos de hist\u00f3ria e presente em 24 cidades do Estado de Paulo. A Unesp est\u00e1 entre as melhores institui\u00e7\u00f5es de ensino superior do pa\u00eds e da Am\u00e9rica Latina e tem mais de 55 mil estudantes de gradua\u00e7\u00e3o e p\u00f3s-gradua\u00e7\u00e3o nas 34 unidades universit\u00e1rias que oferecem cursos nas \u00e1reas de Biol\u00f3gicas, Exatas e Humanidades. Al\u00e9m das faculdades e institutos, a Unesp preza pela produ\u00e7\u00e3o de conte\u00fados e pela comunica\u00e7\u00e3o com a comunidade por meio diversos ve\u00edculos institucionais: jornal e portal da Unesp e R\u00e1dio e TV Unesp. A TV Universit\u00e1ria Unesp atua na \u00e1rea audiovisual com programas diversificados. Est\u00e1 h\u00e1 10 anos no ar em canal aberto nas cidades de Bauru, Botucatu e Itapeva e tamb\u00e9m pela operadora Claro\/NET em cidades do interior paulista onde a Unesp tem c\u00e2mpus. A partir de 02 de maio, a programa\u00e7\u00e3o da emissora e tamb\u00e9m os conte\u00fados institucionais, da Assessoria de Comunica\u00e7\u00e3o e Imprensa e de unidades da Unesp, estar\u00e3o no ar pelo Canal Universit\u00e1rio de S\u00e3o Paulo.[\/et_pb_accordion_item][et_pb_accordion_item title=&#8221;Equipe&#8221; _builder_version=&#8221;4.4.6&#8243; custom_margin=&#8221;10px||10px||true&#8221; custom_padding=&#8221;30px||30px||true&#8221; open=&#8221;off&#8221;]PROF. DR. PASQUAL BARRETTI<br \/>\nreitor<\/p>\n<p>PROFA. DRA. MAYSA FURLAN<br \/>\nvice-reitora<\/p>\n<p>PROF. DR. CESAR MARTINS<br \/>\nchefe de Gabinete<\/p>\n<p>PROF. DR. MARCELO YAMASHITA<br \/>\nassessor-chefe de Comunica\u00e7\u00e3o e Imprensa<\/p>\n<p>PROF. DR. JOS\u00c9 PAES DE ALMEIDA<br \/>\nassessor de Comunica\u00e7\u00e3o e Imprensa<\/p>\n<p>MAYRA FERNANDA FERREIRA<br \/>\ncoordenadora de Conte\u00fado<\/p>\n<p>ROBERTO RODRIGUES<br \/>\nprodutor audiovisual<\/p>\n<p>TV UNESP<\/p>\n<p>PROF. DR. FRANCISCO MACHADO FILHO<br \/>\ndiretor<\/p>\n<p>FABIO PARRA<br \/>\nsupervisor de programa\u00e7\u00e3o<\/p>\n<p>FELIPE TRIST\u00c3O<br \/>\nsupervisor de Produ\u00e7\u00e3o<\/p>\n<p>FABR\u00cdCIO CARAPELLI<br \/>\nsupervisor de Tecnologia da Informa\u00e7\u00e3o<\/p>\n<p>ANA CAROLINA COSTA<br \/>\nJ\u00daLIO PENARIOL<br \/>\nLEIRE BEVILAQUA<br \/>\njornalistas<\/p>\n<p>CLAUDIA PAIX\u00c3O<br \/>\nMONICA ISHIKAWA<br \/>\nprodutoras<\/p>\n<p>ALEXSANDRO BELOTE<br \/>\nEDUARDO MARQUES<br \/>\nVANDERLEI D&#8217;LUCCA<br \/>\nrep\u00f3rteres cinematogr\u00e1ficos<\/p>\n<p>JOS\u00c9 ROBERTO SIQUEIRA<br \/>\noperador de ilumina\u00e7\u00e3o<\/p>\n<p>PAULO JOS\u00c9 PRESTES<br \/>\nZECA DE OLIVEIRA<br \/>\noperadores de \u00e1udio<\/p>\n<p>DIEGO BITTENCOURT<br \/>\nOCT\u00c1VIO NASCIMENTO NETO<br \/>\nRENAN MAIA BOLA\u00d1O<br \/>\neditores<\/p>\n<p>VINICIUS TAVARES<br \/>\nvideografista<\/p>\n<p>FABIO CARDOSO<br \/>\nprogramador web<\/p>\n<p>GABRIEL MARIANO<br \/>\nLUIZ HENRIQUE PINKE<br \/>\nMAURICIO NUNES<br \/>\ncontrole mestre<\/p>\n<p>LIONEL ANDRIATTO<br \/>\nmanuten\u00e7\u00e3o t\u00e9cnica<\/p>\n<p>ANG\u00c9LICA CONCEI\u00c7\u00c3O<br \/>\nPRISCILA LIMA<br \/>\nadministra\u00e7\u00e3o[\/et_pb_accordion_item][et_pb_accordion_item title=&#8221;GRADE OU ESTREIAS&#8221; _builder_version=&#8221;3.10.2&#8243; custom_margin=&#8221;10px||10px||true&#8221; custom_padding=&#8221;30px||30px||true&#8221; open=&#8221;off&#8221;]AGUARDANDO CONTE\u00daDO &#8211; FORMATO TEXTO.[\/et_pb_accordion_item][\/et_pb_accordion][\/et_pb_column][\/et_pb_row][\/et_pb_section][et_pb_section fb_built=&#8221;1&#8243; admin_label=&#8221;Blog&#8221; _builder_version=&#8221;3.22.3&#8243; use_background_color_gradient=&#8221;on&#8221; background_color_gradient_start=&#8221;rgba(240,242,246,0.5)&#8221; background_color_gradient_end=&#8221;rgba(255,255,255,0)&#8221; background_color_gradient_direction=&#8221;90deg&#8221; custom_padding=&#8221;0px|||||&#8221;][et_pb_row _builder_version=&#8221;3.25&#8243;][et_pb_column type=&#8221;4_4&#8243; _builder_version=&#8221;3.25&#8243; custom_padding=&#8221;|||&#8221; custom_padding__hover=&#8221;|||&#8221;][et_pb_text _builder_version=&#8221;3.27.4&#8243; text_font=&#8221;Montserrat||||||||&#8221; text_font_size=&#8221;20px&#8221; text_orientation=&#8221;center&#8221; text_text_align=&#8221;center&#8221; locked=&#8221;off&#8221;]<\/p>\n<h2>Programas<\/h2>\n<p>[\/et_pb_text][\/et_pb_column][\/et_pb_row][et_pb_row _builder_version=&#8221;3.25&#8243;][et_pb_column type=&#8221;4_4&#8243; _builder_version=&#8221;3.25&#8243; custom_padding=&#8221;|||&#8221; custom_padding__hover=&#8221;|||&#8221;][et_pb_video_slider show_image_overlay=&#8221;on&#8221; _builder_version=&#8221;4.4.6&#8243; border_radii=&#8221;on|5px|5px|5px|5px&#8221;][et_pb_video_slider_item src=&#8221;https:\/\/www.youtube.com\/watch?v=O9gFsnYTDGg&#8221; _builder_version=&#8221;4.4.6&#8243; show_image_overlay=&#8221;on&#8221;][\/et_pb_video_slider_item][et_pb_video_slider_item src=&#8221;https:\/\/www.youtube.com\/watch?v=4u0ZVrSJ-uc&#8221; image_src=&#8221;\/\/i.ytimg.com\/vi\/4u0ZVrSJ-uc\/hqdefault.jpg&#8221; _builder_version=&#8221;4.4.6&#8243; show_image_overlay=&#8221;on&#8221;][\/et_pb_video_slider_item][et_pb_video_slider_item src=&#8221;https:\/\/www.youtube.com\/watch?v=iS7ja2MoEl4&#8243; _builder_version=&#8221;4.4.6&#8243; show_image_overlay=&#8221;on&#8221;][\/et_pb_video_slider_item][et_pb_video_slider_item src=&#8221;https:\/\/www.youtube.com\/watch?v=jlgYiF2Xkdg&#8221; _builder_version=&#8221;4.4.6&#8243; show_image_overlay=&#8221;on&#8221;][\/et_pb_video_slider_item][et_pb_video_slider_item src=&#8221;https:\/\/www.youtube.com\/watch?v=AuNkqgCUjsg&#8221; _builder_version=&#8221;4.4.6&#8243; show_image_overlay=&#8221;on&#8221;][\/et_pb_video_slider_item][\/et_pb_video_slider][\/et_pb_column][\/et_pb_row][\/et_pb_section][et_pb_section fb_built=&#8221;1&#8243; specialty=&#8221;on&#8221; padding_2_tablet=&#8221;60px|50px|60px|50px|true|true&#8221; admin_label=&#8221;Footer&#8221; _builder_version=&#8221;3.22.3&#8243; use_background_color_gradient=&#8221;on&#8221; background_color_gradient_start=&#8221;#ffffff&#8221; background_color_gradient_end=&#8221;rgba(240,242,246,0.5)&#8221; background_color_gradient_direction=&#8221;90deg&#8221; background_color_gradient_start_position=&#8221;70%&#8221; background_color_gradient_end_position=&#8221;30%&#8221;][et_pb_column type=&#8221;1_2&#8243; specialty_columns=&#8221;2&#8243; _builder_version=&#8221;3.25&#8243; custom_padding=&#8221;|||&#8221; custom_padding__hover=&#8221;|||&#8221;][et_pb_row_inner _builder_version=&#8221;3.25&#8243;][et_pb_column_inner saved_specialty_column_type=&#8221;1_2&#8243; _builder_version=&#8221;3.25&#8243; custom_padding=&#8221;|||&#8221; custom_padding__hover=&#8221;|||&#8221;][et_pb_text _builder_version=&#8221;3.27.4&#8243; min_height=&#8221;41px&#8221; inline_fonts=&#8221;Verdana&#8221;]<\/p>\n<h1 style=\"text-align: left;\"><span style=\"font-size: xx-large; color: #141414;\"><span style=\"font-family: Verdana;\">M\u00cdDIAS SOCIAIS<\/span><\/span><\/h1>\n<p>[\/et_pb_text][et_pb_social_media_follow _builder_version=&#8221;4.4.6&#8243; hover_enabled=&#8221;0&#8243; border_radii=&#8221;on|100px|100px|100px|100px&#8221;][et_pb_social_media_follow_network social_network=&#8221;facebook&#8221; url=&#8221;https:\/\/www.facebook.com\/tvunesp&#8221; _builder_version=&#8221;4.4.6&#8243; background_color=&#8221;rgba(0,0,0,0.8)&#8221; custom_margin=&#8221;|||&#8221; custom_padding=&#8221;10px|10px|10px|10px|true|true&#8221; hover_enabled=&#8221;0&#8243; follow_button=&#8221;off&#8221; url_new_window=&#8221;on&#8221;]facebook[\/et_pb_social_media_follow_network][et_pb_social_media_follow_network social_network=&#8221;twitter&#8221; url=&#8221;https:\/\/twitter.com\/tvunesp&#8221; _builder_version=&#8221;4.4.6&#8243; background_color=&#8221;rgba(0,0,0,0.8)&#8221; custom_margin=&#8221;|||&#8221; custom_padding=&#8221;10px|10px|10px|10px|true|true&#8221; hover_enabled=&#8221;0&#8243; follow_button=&#8221;off&#8221; url_new_window=&#8221;on&#8221;]twitter[\/et_pb_social_media_follow_network][et_pb_social_media_follow_network social_network=&#8221;linkedin&#8221; url=&#8221;https:\/\/www.linkedin.com\/company\/tvunesp&#8221; _builder_version=&#8221;4.4.6&#8243; background_color=&#8221;rgba(0,0,0,0.8)&#8221; custom_margin=&#8221;|||&#8221; custom_padding=&#8221;10px|10px|10px|10px|true|true&#8221; hover_enabled=&#8221;0&#8243; follow_button=&#8221;off&#8221; url_new_window=&#8221;on&#8221;]linkedin[\/et_pb_social_media_follow_network][et_pb_social_media_follow_network social_network=&#8221;instagram&#8221; url=&#8221;https:\/\/www.instagram.com\/tvunesp\/&#8221; _builder_version=&#8221;4.4.6&#8243; background_color=&#8221;rgba(0,0,0,0.8)&#8221; custom_margin=&#8221;|||&#8221; custom_padding=&#8221;10px|10px|10px|10px|true|true&#8221; hover_enabled=&#8221;0&#8243; follow_button=&#8221;off&#8221; url_new_window=&#8221;on&#8221;]instagram[\/et_pb_social_media_follow_network][et_pb_social_media_follow_network social_network=&#8221;youtube&#8221; url=&#8221;https:\/\/www.youtube.com\/tvunesp&#8221; _builder_version=&#8221;4.4.6&#8243; background_color=&#8221;rgba(0,0,0,0.8)&#8221; custom_margin=&#8221;|||&#8221; custom_padding=&#8221;10px|10px|10px|10px|true|true&#8221; hover_enabled=&#8221;0&#8243; follow_button=&#8221;off&#8221; url_new_window=&#8221;on&#8221;]youtube[\/et_pb_social_media_follow_network][\/et_pb_social_media_follow][\/et_pb_column_inner][\/et_pb_row_inner][\/et_pb_column][et_pb_column type=&#8221;1_2&#8243; _builder_version=&#8221;3.25&#8243; custom_padding=&#8221;|||&#8221; custom_padding__hover=&#8221;|||&#8221;][et_pb_text _builder_version=&#8221;4.4.6&#8243; text_font=&#8221;Montserrat||||||||&#8221; text_font_size=&#8221;16px&#8221; text_line_height=&#8221;1.9em&#8221; link_font=&#8221;||||||||&#8221; link_text_color=&#8221;#ffffff&#8221; ul_font=&#8221;||||||||&#8221; ol_font=&#8221;||||||||&#8221; quote_font=&#8221;||||||||&#8221; header_font=&#8221;||||||||&#8221; header_font_size=&#8221;40px&#8221; header_2_font=&#8221;Playfair Display|700|||||||&#8221; header_2_font_size=&#8221;40px&#8221; header_2_line_height=&#8221;1.5em&#8221; header_3_font=&#8221;||||||||&#8221; header_4_font=&#8221;Lato|700|||||||&#8221; header_4_text_color=&#8221;rgba(255,255,255,0.4)&#8221; header_4_font_size=&#8221;16px&#8221; header_4_line_height=&#8221;1.5em&#8221; background_color=&#8221;#3550a0&#8243; background_layout=&#8221;dark&#8221; custom_margin=&#8221;|||-198px||&#8221; custom_padding=&#8221;60px|40px|60px|40px|true|true&#8221; header_font_size_tablet=&#8221;30px&#8221; header_font_size_phone=&#8221;24px&#8221; header_font_size_last_edited=&#8221;on|phone&#8221; header_2_font_size_tablet=&#8221;30px&#8221; header_2_font_size_phone=&#8221;&#8221; header_2_font_size_last_edited=&#8221;on|tablet&#8221; border_radii=&#8221;on|7px|7px|7px|7px&#8221; box_shadow_style=&#8221;preset2&#8243; box_shadow_horizontal=&#8221;12px&#8221;]<\/p>\n<h4>Fone<\/h4>\n<p>14 3103.6161<\/p>\n<h4>Email<\/h4>\n<p>tvunesp@unesp.br<\/p>\n<h4>Endere\u00e7o<\/h4>\n<p>Rua Jacy Stevaux Villa\u00e7a, 2-99 | Jardim Contorno | Bauru-SP[\/et_pb_text][\/et_pb_column][\/et_pb_section]<\/p>\n","protected":false},"excerpt":{"rendered":"<p>[et_pb_section fb_built=&#8221;1&#8243; fullwidth=&#8221;on&#8221; admin_label=&#8221;Hero&#8221; _builder_version=&#8221;4.4.6&#8243; background_image=&#8221;https:\/\/cnu.org.br\/sites\/wp-content\/uploads\/2022\/08\/UNESP_BG.jpg&#8221;][et_pb_fullwidth_header subhead=&#8221;Universidade Estadual Paulista &#8211; UNESP&#8221; logo_image_url=&#8221;https:\/\/cnu.org.br\/sites\/wp-content\/uploads\/2022\/08\/UNESP_PG_1.jpg&#8221; content_max_width=&#8221;700px&#8221; _builder_version=&#8221;4.4.6&#8243; title_font=&#8221;Playfair Display|700|||||||&#8221; title_font_size=&#8221;70px&#8221; title_line_height=&#8221;1.5em&#8221; content_font=&#8221;Nunito|600|||||||&#8221; content_font_size=&#8221;20px&#8221; subhead_font=&#8221;Lato|700|||||||&#8221; subhead_font_size=&#8221;30px&#8221; subhead_line_height=&#8221;1.8em&#8221; background_color=&#8221;rgba(0,0,0,0)&#8221; use_background_color_gradient=&#8221;on&#8221; background_color_gradient_start=&#8221;rgba(53,80,160,0.27)&#8221; background_color_gradient_end=&#8221;#3550a0&#8243; background_color_gradient_direction=&#8221;220deg&#8221; background_color_gradient_overlays_image=&#8221;on&#8221; custom_button_one=&#8221;on&#8221; button_one_text_size=&#8221;16px&#8221; button_one_text_color=&#8221;#3550a0&#8243; button_one_bg_color=&#8221;#ffffff&#8221; button_one_border_width=&#8221;10px&#8221; button_one_border_color=&#8221;rgba(210,159,104,0)&#8221; button_one_border_radius=&#8221;100px&#8221; button_one_font=&#8221;Lato|900|||||||&#8221; button_one_use_icon=&#8221;off&#8221; custom_button_two=&#8221;on&#8221; button_two_text_size=&#8221;16px&#8221; button_two_text_color=&#8221;#ffffff&#8221; button_two_bg_color=&#8221;rgba(255,255,255,0.15)&#8221; button_two_border_width=&#8221;10px&#8221; button_two_border_color=&#8221;rgba(210,159,104,0)&#8221; button_two_border_radius=&#8221;100px&#8221; button_two_font=&#8221;Lato|900|||||||&#8221; button_two_use_icon=&#8221;off&#8221; max_height=&#8221;534px&#8221; custom_margin=&#8221;|||&#8221; custom_padding=&#8221;10vw||0vw||false|&#8221; custom_padding_tablet=&#8221;20vw||20vw||true&#8221; custom_padding_phone=&#8221;20vw||20vw||true&#8221; custom_padding_last_edited=&#8221;on|desktop&#8221; title_font_size_tablet=&#8221;50px&#8221; title_font_size_phone=&#8221;32px&#8221; [&hellip;]<\/p>\n","protected":false},"author":1,"featured_media":0,"parent":0,"menu_order":0,"comment_status":"closed","ping_status":"closed","template":"","meta":{"_et_pb_use_builder":"on","_et_pb_old_content":"","_et_gb_content_width":"","footnotes":""},"class_list":["post-280","page","type-page","status-publish","hentry"],"_links":{"self":[{"href":"https:\/\/cnu.org.br\/sites\/wp-json\/wp\/v2\/pages\/280","targetHints":{"allow":["GET"]}}],"collection":[{"href":"https:\/\/cnu.org.br\/sites\/wp-json\/wp\/v2\/pages"}],"about":[{"href":"https:\/\/cnu.org.br\/sites\/wp-json\/wp\/v2\/types\/page"}],"author":[{"embeddable":true,"href":"https:\/\/cnu.org.br\/sites\/wp-json\/wp\/v2\/users\/1"}],"replies":[{"embeddable":true,"href":"https:\/\/cnu.org.br\/sites\/wp-json\/wp\/v2\/comments?post=280"}],"version-history":[{"count":15,"href":"https:\/\/cnu.org.br\/sites\/wp-json\/wp\/v2\/pages\/280\/revisions"}],"predecessor-version":[{"id":1265,"href":"https:\/\/cnu.org.br\/sites\/wp-json\/wp\/v2\/pages\/280\/revisions\/1265"}],"wp:attachment":[{"href":"https:\/\/cnu.org.br\/sites\/wp-json\/wp\/v2\/media?parent=280"}],"curies":[{"name":"wp","href":"https:\/\/api.w.org\/{rel}","templated":true}]}}